{"id":937,"date":"2024-05-01T19:20:32","date_gmt":"2024-05-01T19:20:32","guid":{"rendered":"https:\/\/percorsipinerolo.it\/youthplus\/?page_id=937"},"modified":"2024-05-11T13:04:19","modified_gmt":"2024-05-11T13:04:19","slug":"it02-03","status":"publish","type":"page","link":"https:\/\/percorsipinerolo.it\/youthplus\/index.php\/it02-03\/","title":{"rendered":"IT02_03 &#8211; Lapide di Lorenzo Bianciotto"},"content":{"rendered":"\n<div class=\"wp-block-columns is-layout-flex wp-container-core-columns-is-layout-28f84493 wp-block-columns-is-layout-flex\">\n<div class=\"wp-block-column is-layout-flow wp-block-column-is-layout-flow\">\n<figure class=\"wp-block-image aligncenter size-full is-resized\"><img loading=\"lazy\" decoding=\"async\" width=\"1600\" height=\"1200\" src=\"https:\/\/percorsipinerolo.it\/youthplus\/wp-content\/uploads\/2024\/05\/BIANCIOTTO.png\" alt=\"\" class=\"wp-image-1066\" style=\"width:347px;height:auto\" srcset=\"https:\/\/percorsipinerolo.it\/youthplus\/wp-content\/uploads\/2024\/05\/BIANCIOTTO.png 1600w, https:\/\/percorsipinerolo.it\/youthplus\/wp-content\/uploads\/2024\/05\/BIANCIOTTO-300x225.png 300w, https:\/\/percorsipinerolo.it\/youthplus\/wp-content\/uploads\/2024\/05\/BIANCIOTTO-1024x768.png 1024w, https:\/\/percorsipinerolo.it\/youthplus\/wp-content\/uploads\/2024\/05\/BIANCIOTTO-768x576.png 768w, https:\/\/percorsipinerolo.it\/youthplus\/wp-content\/uploads\/2024\/05\/BIANCIOTTO-1536x1152.png 1536w\" sizes=\"auto, (max-width: 1600px) 100vw, 1600px\" \/><\/figure>\n<\/div>\n\n\n\n<div class=\"wp-block-column is-layout-flow wp-block-column-is-layout-flow\">\n<p>Lorenzo Bianciotto, nato a San Pietro Val Lemina (TO)&nbsp; l&#8217;11 marzo 1923, fu un partigiano della V divisione Gl Alpina Sergio Toja, condannato a morte&nbsp; e fucilato a Torino il 25 novembre 1944 al poligono di tiro del Martinetto, luogo destinato tra l\u20198 settembre 1943 e il 25 aprile 1945 all\u2019esecuzione dei condannati a morte di tribunali speciali e militari istituiti dalla Repubblica sociale. <\/p>\n<\/div>\n<\/div>\n\n\n\n<p>Una lapide posta nella sua abitazione in via&nbsp; Mazzini (la via era anche&nbsp; detta vicolo Termine) lo ricorda:&nbsp; mentre si era recato a trovare &nbsp; i familiari,&nbsp; venne arrestato dai fascisti&nbsp; (era stato tradito da una spia che in questo modo ebbe la possibilit\u00e0 di guadagnare circa 5000 lire). Bianciotto \u00e8 stato il primo condannato a morte assistito da Padre Ruggero Cipolla, cappellano del carcere \u201cLe Nuove\u201d di Torino.&nbsp; Una sua foto \u00e8 presente sul muro di cinta all\u2019interno del carcere, dove fu detenuto all\u2019interno del braccio della morte. Il suo sacrificio, in nome della libert\u00e0, \u00e8 ricordato anche da una lapide posta nel sacrario del Martinetto, anche se purtroppo il suo cognome \u00e8 stato scritto in modo errato, in quanto \u00e8 riportato il nome Bianciotto.<\/p>\n\n\n\n<p><strong>Geolocalizzazione<\/strong><\/p>\n\n\n\n<div class=\"wp-block-columns is-layout-flex wp-container-core-columns-is-layout-28f84493 wp-block-columns-is-layout-flex\">\n<div class=\"wp-block-column is-layout-flow wp-block-column-is-layout-flow\">\n<p>Qui a destra si vede il tracciato dell\u2019 IT02_03&nbsp;&#8211; Lapide di Lorenzo Bianciotto, questo punto di interesse ne rappresenta la terza tappa.<\/p>\n\n\n\n<p>Indirizzo: Via Giuseppe Mazzini, 5, 10060, Pinerolo (TO)<\/p>\n<\/div>\n\n\n\n<div class=\"wp-block-column is-layout-flow wp-block-column-is-layout-flow\">\n<p class=\"has-text-align-center\"><\/p>\n\n\n\n<iframe loading=\"lazy\" width=\"100%\" height=\"300px\" frameborder=\"0\" allowfullscreen allow=\"geolocation\" src=\"\/\/umap.openstreetmap.fr\/it\/map\/itinerari-della-resistenza_1031082?scaleControl=false&#038;miniMap=false&#038;scrollWheelZoom=false&#038;zoomControl=true&#038;editMode=disabled&#038;moreControl=true&#038;searchControl=null&#038;tilelayersControl=null&#038;embedControl=null&#038;datalayersControl=true&#038;onLoadPanel=none&#038;captionBar=false&#038;captionMenus=true&#038;datalayers=7aaf7ee9-e8b8-4115-acf2-c922dc18f29d%2C93ec03a1-f334-41f7-b18c-04c73e3fa688#15\/44.8858\/7.3318\"><\/iframe><p><a href=\"\/\/umap.openstreetmap.fr\/it\/map\/itinerari-della-resistenza_1031082?scaleControl=false&#038;miniMap=false&#038;scrollWheelZoom=true&#038;zoomControl=true&#038;editMode=disabled&#038;moreControl=true&#038;searchControl=null&#038;tilelayersControl=null&#038;embedControl=null&#038;datalayersControl=true&#038;onLoadPanel=none&#038;captionBar=false&#038;captionMenus=true&#038;datalayers=7aaf7ee9-e8b8-4115-acf2-c922dc18f29d%2C93ec03a1-f334-41f7-b18c-04c73e3fa688#15\/44.8858\/7.3318\">Visualizza a schermo intero<\/a><\/p>\n<\/div>\n<\/div>\n\n\n\n<p><strong>Riferimenti bibliografici<\/strong><\/p>\n\n\n\n<ul class=\"wp-block-list\">\n<li><a href=\"https:\/\/www.museotorino.it\/view\/s\/8a7d34379fb543fdb0d045ac56dbd79d\">https:\/\/www.museotorino.it\/view\/s\/8a7d34379fb543fdb0d045ac56dbd79d<\/a> biografia di Lorenzo Bianciotto<\/li>\n\n\n\n<li><a href=\"http:\/\/vocepinerolese.it\/\">http:\/\/vocepinerolese.it\/<\/a> sito pinerolese<\/li>\n\n\n\n<li><a href=\"http:\/\/intranet.istoreto.it\/\">http:\/\/intranet.istoreto.it\/<\/a>&nbsp; documento dell\u2019isituto piemontese per la storia della resistenza e della societ\u00e0 contemporanea<\/li>\n<\/ul>\n","protected":false},"excerpt":{"rendered":"<p>Lorenzo Bianciotto, nato a San Pietro Val Lemina (TO)&nbsp; l&#8217;11 marzo 1923, fu un partigiano della V divisione Gl Alpina Sergio Toja, condannato a morte&nbsp; e fucilato a Torino il 25 novembre 1944 al poligono di tiro del Martinetto, luogo destinato tra l\u20198 settembre 1943 e il 25 aprile 1945 all\u2019esecuzione dei condannati a morte [&hellip;]<\/p>\n","protected":false},"author":2,"featured_media":0,"parent":0,"menu_order":0,"comment_status":"closed","ping_status":"closed","template":"","meta":{"_kadence_starter_templates_imported_post":false,"footnotes":""},"class_list":["post-937","page","type-page","status-publish","hentry"],"_links":{"self":[{"href":"https:\/\/percorsipinerolo.it\/youthplus\/index.php\/wp-json\/wp\/v2\/pages\/937","targetHints":{"allow":["GET"]}}],"collection":[{"href":"https:\/\/percorsipinerolo.it\/youthplus\/index.php\/wp-json\/wp\/v2\/pages"}],"about":[{"href":"https:\/\/percorsipinerolo.it\/youthplus\/index.php\/wp-json\/wp\/v2\/types\/page"}],"author":[{"embeddable":true,"href":"https:\/\/percorsipinerolo.it\/youthplus\/index.php\/wp-json\/wp\/v2\/users\/2"}],"replies":[{"embeddable":true,"href":"https:\/\/percorsipinerolo.it\/youthplus\/index.php\/wp-json\/wp\/v2\/comments?post=937"}],"version-history":[{"count":8,"href":"https:\/\/percorsipinerolo.it\/youthplus\/index.php\/wp-json\/wp\/v2\/pages\/937\/revisions"}],"predecessor-version":[{"id":1944,"href":"https:\/\/percorsipinerolo.it\/youthplus\/index.php\/wp-json\/wp\/v2\/pages\/937\/revisions\/1944"}],"wp:attachment":[{"href":"https:\/\/percorsipinerolo.it\/youthplus\/index.php\/wp-json\/wp\/v2\/media?parent=937"}],"curies":[{"name":"wp","href":"https:\/\/api.w.org\/{rel}","templated":true}]}}