{"id":397,"date":"2024-04-28T17:08:57","date_gmt":"2024-04-28T17:08:57","guid":{"rendered":"https:\/\/percorsipinerolo.it\/youthplus\/?page_id=397"},"modified":"2024-05-03T18:38:22","modified_gmt":"2024-05-03T18:38:22","slug":"orienteering","status":"publish","type":"page","link":"https:\/\/percorsipinerolo.it\/youthplus\/index.php\/orienteering\/","title":{"rendered":"Orienteering"},"content":{"rendered":"\n<figure class=\"wp-block-image size-full\"><img loading=\"lazy\" decoding=\"async\" width=\"1024\" height=\"1024\" src=\"https:\/\/percorsipinerolo.it\/youthplus\/wp-content\/uploads\/2024\/05\/17d17516-580c-45db-8ce8-00b95ca3ec48.jpeg\" alt=\"\" class=\"wp-image-1169\" srcset=\"https:\/\/percorsipinerolo.it\/youthplus\/wp-content\/uploads\/2024\/05\/17d17516-580c-45db-8ce8-00b95ca3ec48.jpeg 1024w, https:\/\/percorsipinerolo.it\/youthplus\/wp-content\/uploads\/2024\/05\/17d17516-580c-45db-8ce8-00b95ca3ec48-300x300.jpeg 300w, https:\/\/percorsipinerolo.it\/youthplus\/wp-content\/uploads\/2024\/05\/17d17516-580c-45db-8ce8-00b95ca3ec48-150x150.jpeg 150w, https:\/\/percorsipinerolo.it\/youthplus\/wp-content\/uploads\/2024\/05\/17d17516-580c-45db-8ce8-00b95ca3ec48-768x768.jpeg 768w\" sizes=\"auto, (max-width: 1024px) 100vw, 1024px\" \/><\/figure>\n\n\n\n<p class=\"has-text-align-center\">Benvenuti nel percorso di orienteering dedicato alla resistenza partigiana!<\/p>\n\n\n\n<p class=\"has-text-align-center\">In questo viaggio attraverso la storia, esploreremo i luoghi che hanno visto la resistenza organizzata contro l&#8217;occupazione nazifascista durante la Seconda Guerra Mondiale.<\/p>\n\n\n\n<p class=\"has-text-align-center\"><strong>Ma cos\u2019\u00e8 l\u2019orienteering?<\/strong> <br><br>L&#8217;orienteering \u00e8 uno sport individuale o di squadra che coinvolge la navigazione per la posizione, utilizzando una mappa e una bussola per trovare dei punti di controllo in un ordine specifico. <br>Gli orientisti devono utilizzare le proprie capacit\u00e0 di navigazione, decisione e resistenza fisica per completare il percorso nel minor tempo possibile. <br>\u00c8 un&#8217;attivit\u00e0 che unisce l&#8217;esercizio fisico alla sfida mentale, richiedendo concentrazione, strategia e capacit\u00e0 di adattamento alle condizioni del terreno.<\/p>\n\n\n\n<hr class=\"wp-block-separator has-alpha-channel-opacity\"\/>\n\n\n\n<h5 class=\"wp-block-heading has-text-align-center\"><mark style=\"background-color:rgba(0, 0, 0, 0)\" class=\"has-inline-color has-foreground-color\">ORIENTEERING URBANO <\/mark><br><mark style=\"background-color:rgba(0, 0, 0, 0)\" class=\"has-inline-color has-foreground-color\"><em>&#8220;SULLE TRACCE DELLA MEMORIA&#8221;<\/em><\/mark><\/h5>\n\n\n\n<p class=\"has-text-align-center\">L&#8217;itinerario orientistico \u00e8 stato realizzato pensando ad un percorso ad anello, con partenza e arrivo nella stessa piazza nel centro di Pinerolo. <br>I vari punti tappa da ritrovare sono numerati progressivamente dall&#8217;1al 10 e collegati da una ipotetica linea conduttrice visibile solo sulla cartina. <br>Ogni punto tappa \u00e8 stato scelto con il criterio di inserire un particolare, edificio o targa o pietra d&#8217;inciampo per ricordare e commemorare le persone che hanno vissuto il periodo della resistenza. <br>Il visitatore che vorr\u00e0 percorrere questo itinerario sar\u00e0 stimolato a individuare la via giusta per ritrovare i vari punti e osservarne i particolari grazie anche alle domande poste&nbsp;ad&nbsp;ogni&nbsp;punto.<\/p>\n\n\n\n<p class=\"has-text-align-center\"><a href=\"https:\/\/percorsipinerolo.it\/youthplus\/index.php\/orienteering-2\/\" data-type=\"page\" data-id=\"1104\"><strong><em>ORIENTEERING<\/em><\/strong><\/a><\/p>\n","protected":false},"excerpt":{"rendered":"<p>Benvenuti nel percorso di orienteering dedicato alla resistenza partigiana! In questo viaggio attraverso la storia, esploreremo i luoghi che hanno visto la resistenza organizzata contro l&#8217;occupazione nazifascista durante la Seconda Guerra Mondiale. Ma cos\u2019\u00e8 l\u2019orienteering? L&#8217;orienteering \u00e8 uno sport individuale o di squadra che coinvolge la navigazione per la posizione, utilizzando una mappa e una [&hellip;]<\/p>\n","protected":false},"author":2,"featured_media":0,"parent":0,"menu_order":0,"comment_status":"closed","ping_status":"closed","template":"","meta":{"_kadence_starter_templates_imported_post":false,"footnotes":""},"class_list":["post-397","page","type-page","status-publish","hentry"],"_links":{"self":[{"href":"https:\/\/percorsipinerolo.it\/youthplus\/index.php\/wp-json\/wp\/v2\/pages\/397","targetHints":{"allow":["GET"]}}],"collection":[{"href":"https:\/\/percorsipinerolo.it\/youthplus\/index.php\/wp-json\/wp\/v2\/pages"}],"about":[{"href":"https:\/\/percorsipinerolo.it\/youthplus\/index.php\/wp-json\/wp\/v2\/types\/page"}],"author":[{"embeddable":true,"href":"https:\/\/percorsipinerolo.it\/youthplus\/index.php\/wp-json\/wp\/v2\/users\/2"}],"replies":[{"embeddable":true,"href":"https:\/\/percorsipinerolo.it\/youthplus\/index.php\/wp-json\/wp\/v2\/comments?post=397"}],"version-history":[{"count":17,"href":"https:\/\/percorsipinerolo.it\/youthplus\/index.php\/wp-json\/wp\/v2\/pages\/397\/revisions"}],"predecessor-version":[{"id":1170,"href":"https:\/\/percorsipinerolo.it\/youthplus\/index.php\/wp-json\/wp\/v2\/pages\/397\/revisions\/1170"}],"wp:attachment":[{"href":"https:\/\/percorsipinerolo.it\/youthplus\/index.php\/wp-json\/wp\/v2\/media?parent=397"}],"curies":[{"name":"wp","href":"https:\/\/api.w.org\/{rel}","templated":true}]}}