{"id":364,"date":"2024-04-28T16:55:11","date_gmt":"2024-04-28T16:55:11","guid":{"rendered":"https:\/\/percorsipinerolo.it\/youthplus\/?page_id=364"},"modified":"2024-05-13T17:41:55","modified_gmt":"2024-05-13T17:41:55","slug":"it01e-01","status":"publish","type":"page","link":"https:\/\/percorsipinerolo.it\/youthplus\/index.php\/it01e-01\/","title":{"rendered":"IT01e-01 06\/11\/1943"},"content":{"rendered":"\n<div class=\"wp-block-columns is-layout-flex wp-container-core-columns-is-layout-28f84493 wp-block-columns-is-layout-flex\">\n<div class=\"wp-block-column is-layout-flow wp-block-column-is-layout-flow\">\n<p>Nella seguente lettera Paolo e Giorgio rassicurano i genitori sulla loro condizione.<\/p>\n\n\n\n<div style=\"height:47px\" aria-hidden=\"true\" class=\"wp-block-spacer\"><\/div>\n<\/div>\n<\/div>\n\n\n\n<blockquote class=\"wp-block-quote is-layout-flow wp-block-quote-is-layout-flow\">\n<p><\/p>\n<cite><em>Cara Mamma e caro Pap\u00e0,&nbsp;<\/em><br><em>Forse mi sgriderete per il mio lungo silenzio: non \u00e8 certo la<\/em><br><em>pigrizia nello scrivervi, come capirete, ma la difficolt\u00e0;<\/em><br><em>cara Mamma e caro Pap\u00e0, siate tranquilli sul nostro conto: sapete come il gioco sia piccolo e la posta grande: grande di una grandezza che ci dovrebbe inebriare: la libert\u00e0. Quella per cui tu, Pap\u00e0, sei stato in carcere, quella per cui tu, Mamma, hai il coraggio di vedere i tuoi figli lontani, e non \u00e8 bello tutto ci\u00f2? Non merita forse tutto questo ogni nostro sacrificio?<\/em><br><em>Fisicamente stiamo ottimamente (e son certo che col passare di ogni giorno diveniamo pi\u00f9 saldi di fisico) n\u00e9 con le cure che ha avuto mamma per noi nel mandarci il vestiario, avremo da paventare il freddo.&nbsp;<\/em><\/cite><\/blockquote>\n\n\n\n<figure class=\"wp-block-embed is-type-video is-provider-youtube wp-block-embed-youtube wp-embed-aspect-16-9 wp-has-aspect-ratio\"><div class=\"wp-block-embed__wrapper\">\n<iframe loading=\"lazy\" title=\"lettera Paolo Diena 06\/11\/1943\" width=\"500\" height=\"281\" src=\"https:\/\/www.youtube.com\/embed\/N9HJea8O_YA?feature=oembed\" frameborder=\"0\" allow=\"accelerometer; autoplay; clipboard-write; encrypted-media; gyroscope; picture-in-picture; web-share\" referrerpolicy=\"strict-origin-when-cross-origin\" allowfullscreen><\/iframe>\n<\/div><\/figure>\n","protected":false},"excerpt":{"rendered":"<p>Nella seguente lettera Paolo e Giorgio rassicurano i genitori sulla loro condizione. Cara Mamma e caro Pap\u00e0,&nbsp;Forse mi sgriderete per il mio lungo silenzio: non \u00e8 certo lapigrizia nello scrivervi, come capirete, ma la difficolt\u00e0;cara Mamma e caro Pap\u00e0, siate tranquilli sul nostro conto: sapete come il gioco sia piccolo e la posta grande: grande [&hellip;]<\/p>\n","protected":false},"author":2,"featured_media":0,"parent":0,"menu_order":0,"comment_status":"closed","ping_status":"closed","template":"","meta":{"_kadence_starter_templates_imported_post":false,"footnotes":""},"class_list":["post-364","page","type-page","status-publish","hentry"],"_links":{"self":[{"href":"https:\/\/percorsipinerolo.it\/youthplus\/index.php\/wp-json\/wp\/v2\/pages\/364","targetHints":{"allow":["GET"]}}],"collection":[{"href":"https:\/\/percorsipinerolo.it\/youthplus\/index.php\/wp-json\/wp\/v2\/pages"}],"about":[{"href":"https:\/\/percorsipinerolo.it\/youthplus\/index.php\/wp-json\/wp\/v2\/types\/page"}],"author":[{"embeddable":true,"href":"https:\/\/percorsipinerolo.it\/youthplus\/index.php\/wp-json\/wp\/v2\/users\/2"}],"replies":[{"embeddable":true,"href":"https:\/\/percorsipinerolo.it\/youthplus\/index.php\/wp-json\/wp\/v2\/comments?post=364"}],"version-history":[{"count":14,"href":"https:\/\/percorsipinerolo.it\/youthplus\/index.php\/wp-json\/wp\/v2\/pages\/364\/revisions"}],"predecessor-version":[{"id":2025,"href":"https:\/\/percorsipinerolo.it\/youthplus\/index.php\/wp-json\/wp\/v2\/pages\/364\/revisions\/2025"}],"wp:attachment":[{"href":"https:\/\/percorsipinerolo.it\/youthplus\/index.php\/wp-json\/wp\/v2\/media?parent=364"}],"curies":[{"name":"wp","href":"https:\/\/api.w.org\/{rel}","templated":true}]}}